{"id":738,"date":"2020-05-18T14:32:35","date_gmt":"2020-05-18T12:32:35","guid":{"rendered":"http:\/\/unsa-paris.fr\/savp\/?page_id=738"},"modified":"2025-11-17T17:37:10","modified_gmt":"2025-11-17T16:37:10","slug":"les-grilles-indiciaires","status":"publish","type":"page","link":"https:\/\/unsa-paris.fr\/savp\/les-grilles-indiciaires\/","title":{"rendered":"Les grilles indiciaires"},"content":{"rendered":"<p>Le point d&rsquo;indice est utilis\u00e9 pour calculer le salaire brut d&rsquo;un fonctionnaire. Son traitement mensuel est ainsi calcul\u00e9 en multipliant le point d&rsquo;indice major\u00e9 par l\u2019indice brut major\u00e9 propre \u00e0 chaque fonctionnaire et d\u00e9fini en fonction de son \u00e9chelon, son grade, son cadre d&#8217;emploi et son anciennet\u00e9.<\/p>\n<p>Sa valeur mensuelle <em>(depuis le 01\/01\/2024)<\/em> est :\u00a0<b>4,92\u20ac<\/b><\/p>\n<p>Le traitement brut mensuel se calcule en multipliant ce point d&rsquo;indice par son indice major\u00e9 (IM).<\/p>\n<h3><a href=\"https:\/\/www.emploi-collectivites.fr\/grille-indiciaire-ville-paris-adjoint-administratif-administrations-parisiennes\/1\/6450.htm\">Adjoint administratif <\/a><\/h3>\n<h3><a href=\"https:\/\/www.emploi-collectivites.fr\/grille-indiciaire-ville-paris-secretaire-administratif-administrations-parisiennes\/1\/6375.htm\">Secr\u00e9taire administratif <\/a><\/h3>\n<h3><a href=\"https:\/\/www.emploi-collectivites.fr\/grille-indiciaire-ville-paris-attache-administrations-parisiennes\/1\/6285.htm\">Attach\u00e9<\/a><\/h3>\n","protected":false},"excerpt":{"rendered":"<p>Le point d&rsquo;indice est utilis\u00e9 pour calculer le salaire brut d&rsquo;un fonctionnaire. Son traitement mensuel est ainsi calcul\u00e9 en multipliant le point d&rsquo;indice major\u00e9 par l\u2019indice brut major\u00e9 propre \u00e0 &hellip; <a href=\"https:\/\/unsa-paris.fr\/savp\/les-grilles-indiciaires\/\" class=\"more-link\">Continuer la lecture<span class=\"screen-reader-text\"> de &laquo;&nbsp;Les grilles indiciaires&nbsp;&raquo;<\/span><\/a><\/p>\n","protected":false},"author":1,"featured_media":0,"parent":0,"menu_order":0,"comment_status":"closed","ping_status":"closed","template":"","meta":{"footnotes":""},"class_list":["post-738","page","type-page","status-publish","hentry"],"yoast_head":"<!-- This site is optimized with the Yoast SEO plugin v27.4 - https:\/\/yoast.com\/product\/yoast-seo-wordpress\/ -->\n<title>Les grilles indiciaires - Syndicat Autonome UNSA<\/title>\n<meta name=\"robots\" content=\"index, follow, max-snippet:-1, max-image-preview:large, max-video-preview:-1\" \/>\n<link rel=\"canonical\" href=\"https:\/\/unsa-paris.fr\/savp\/les-grilles-indiciaires\/\" \/>\n<meta property=\"og:locale\" content=\"fr_FR\" \/>\n<meta property=\"og:type\" content=\"article\" \/>\n<meta property=\"og:title\" content=\"Les grilles indiciaires - Syndicat Autonome UNSA\" \/>\n<meta property=\"og:description\" content=\"Le point d&rsquo;indice est utilis\u00e9 pour calculer le salaire brut d&rsquo;un fonctionnaire. Son traitement mensuel est ainsi calcul\u00e9 en multipliant le point d&rsquo;indice major\u00e9 par l\u2019indice brut major\u00e9 propre \u00e0 &hellip; Continuer la lecture de &laquo;&nbsp;Les grilles indiciaires&nbsp;&raquo;\" \/>\n<meta property=\"og:url\" content=\"https:\/\/unsa-paris.fr\/savp\/les-grilles-indiciaires\/\" \/>\n<meta property=\"og:site_name\" content=\"Syndicat Autonome UNSA\" \/>\n<meta property=\"article:modified_time\" content=\"2025-11-17T16:37:10+00:00\" \/>\n<meta name=\"twitter:card\" content=\"summary_large_image\" \/>\n<meta name=\"twitter:label1\" content=\"Dur\u00e9e de lecture estim\u00e9e\" \/>\n\t<meta name=\"twitter:data1\" content=\"1 minute\" \/>\n<script type=\"application\/ld+json\" class=\"yoast-schema-graph\">{\"@context\":\"https:\\\/\\\/schema.org\",\"@graph\":[{\"@type\":\"WebPage\",\"@id\":\"https:\\\/\\\/unsa-paris.fr\\\/savp\\\/les-grilles-indiciaires\\\/\",\"url\":\"https:\\\/\\\/unsa-paris.fr\\\/savp\\\/les-grilles-indiciaires\\\/\",\"name\":\"Les grilles indiciaires - Syndicat Autonome UNSA\",\"isPartOf\":{\"@id\":\"https:\\\/\\\/unsa-paris.fr\\\/savp\\\/#website\"},\"datePublished\":\"2020-05-18T12:32:35+00:00\",\"dateModified\":\"2025-11-17T16:37:10+00:00\",\"breadcrumb\":{\"@id\":\"https:\\\/\\\/unsa-paris.fr\\\/savp\\\/les-grilles-indiciaires\\\/#breadcrumb\"},\"inLanguage\":\"fr-FR\",\"potentialAction\":[{\"@type\":\"ReadAction\",\"target\":[\"https:\\\/\\\/unsa-paris.fr\\\/savp\\\/les-grilles-indiciaires\\\/\"]}]},{\"@type\":\"BreadcrumbList\",\"@id\":\"https:\\\/\\\/unsa-paris.fr\\\/savp\\\/les-grilles-indiciaires\\\/#breadcrumb\",\"itemListElement\":[{\"@type\":\"ListItem\",\"position\":1,\"name\":\"Accueil\",\"item\":\"https:\\\/\\\/unsa-paris.fr\\\/savp\\\/\"},{\"@type\":\"ListItem\",\"position\":2,\"name\":\"Les grilles indiciaires\"}]},{\"@type\":\"WebSite\",\"@id\":\"https:\\\/\\\/unsa-paris.fr\\\/savp\\\/#website\",\"url\":\"https:\\\/\\\/unsa-paris.fr\\\/savp\\\/\",\"name\":\"Syndicat Autonome UNSA\",\"description\":\"Section des secr\u00e9taires administratifs et des techniciens sup\u00e9rieurs\",\"publisher\":{\"@id\":\"https:\\\/\\\/unsa-paris.fr\\\/savp\\\/#organization\"},\"potentialAction\":[{\"@type\":\"SearchAction\",\"target\":{\"@type\":\"EntryPoint\",\"urlTemplate\":\"https:\\\/\\\/unsa-paris.fr\\\/savp\\\/?s={search_term_string}\"},\"query-input\":{\"@type\":\"PropertyValueSpecification\",\"valueRequired\":true,\"valueName\":\"search_term_string\"}}],\"inLanguage\":\"fr-FR\"},{\"@type\":\"Organization\",\"@id\":\"https:\\\/\\\/unsa-paris.fr\\\/savp\\\/#organization\",\"name\":\"UNSA PARIS fili\u00e8re administrative\",\"url\":\"https:\\\/\\\/unsa-paris.fr\\\/savp\\\/\",\"logo\":{\"@type\":\"ImageObject\",\"inLanguage\":\"fr-FR\",\"@id\":\"https:\\\/\\\/unsa-paris.fr\\\/savp\\\/#\\\/schema\\\/logo\\\/image\\\/\",\"url\":\"https:\\\/\\\/unsa-paris.fr\\\/savp\\\/wp-content\\\/uploads\\\/2020\\\/10\\\/Logo_UNSA-V6.png\",\"contentUrl\":\"https:\\\/\\\/unsa-paris.fr\\\/savp\\\/wp-content\\\/uploads\\\/2020\\\/10\\\/Logo_UNSA-V6.png\",\"width\":986,\"height\":962,\"caption\":\"UNSA PARIS fili\u00e8re administrative\"},\"image\":{\"@id\":\"https:\\\/\\\/unsa-paris.fr\\\/savp\\\/#\\\/schema\\\/logo\\\/image\\\/\"}}]}<\/script>\n<!-- \/ Yoast SEO plugin. -->","yoast_head_json":{"title":"Les grilles indiciaires - Syndicat Autonome UNSA","robots":{"index":"index","follow":"follow","max-snippet":"max-snippet:-1","max-image-preview":"max-image-preview:large","max-video-preview":"max-video-preview:-1"},"canonical":"https:\/\/unsa-paris.fr\/savp\/les-grilles-indiciaires\/","og_locale":"fr_FR","og_type":"article","og_title":"Les grilles indiciaires - Syndicat Autonome UNSA","og_description":"Le point d&rsquo;indice est utilis\u00e9 pour calculer le salaire brut d&rsquo;un fonctionnaire. Son traitement mensuel est ainsi calcul\u00e9 en multipliant le point d&rsquo;indice major\u00e9 par l\u2019indice brut major\u00e9 propre \u00e0 &hellip; Continuer la lecture de &laquo;&nbsp;Les grilles indiciaires&nbsp;&raquo;","og_url":"https:\/\/unsa-paris.fr\/savp\/les-grilles-indiciaires\/","og_site_name":"Syndicat Autonome UNSA","article_modified_time":"2025-11-17T16:37:10+00:00","twitter_card":"summary_large_image","twitter_misc":{"Dur\u00e9e de lecture estim\u00e9e":"1 minute"},"schema":{"@context":"https:\/\/schema.org","@graph":[{"@type":"WebPage","@id":"https:\/\/unsa-paris.fr\/savp\/les-grilles-indiciaires\/","url":"https:\/\/unsa-paris.fr\/savp\/les-grilles-indiciaires\/","name":"Les grilles indiciaires - Syndicat Autonome UNSA","isPartOf":{"@id":"https:\/\/unsa-paris.fr\/savp\/#website"},"datePublished":"2020-05-18T12:32:35+00:00","dateModified":"2025-11-17T16:37:10+00:00","breadcrumb":{"@id":"https:\/\/unsa-paris.fr\/savp\/les-grilles-indiciaires\/#breadcrumb"},"inLanguage":"fr-FR","potentialAction":[{"@type":"ReadAction","target":["https:\/\/unsa-paris.fr\/savp\/les-grilles-indiciaires\/"]}]},{"@type":"BreadcrumbList","@id":"https:\/\/unsa-paris.fr\/savp\/les-grilles-indiciaires\/#breadcrumb","itemListElement":[{"@type":"ListItem","position":1,"name":"Accueil","item":"https:\/\/unsa-paris.fr\/savp\/"},{"@type":"ListItem","position":2,"name":"Les grilles indiciaires"}]},{"@type":"WebSite","@id":"https:\/\/unsa-paris.fr\/savp\/#website","url":"https:\/\/unsa-paris.fr\/savp\/","name":"Syndicat Autonome UNSA","description":"Section des secr\u00e9taires administratifs et des techniciens sup\u00e9rieurs","publisher":{"@id":"https:\/\/unsa-paris.fr\/savp\/#organization"},"potentialAction":[{"@type":"SearchAction","target":{"@type":"EntryPoint","urlTemplate":"https:\/\/unsa-paris.fr\/savp\/?s={search_term_string}"},"query-input":{"@type":"PropertyValueSpecification","valueRequired":true,"valueName":"search_term_string"}}],"inLanguage":"fr-FR"},{"@type":"Organization","@id":"https:\/\/unsa-paris.fr\/savp\/#organization","name":"UNSA PARIS fili\u00e8re administrative","url":"https:\/\/unsa-paris.fr\/savp\/","logo":{"@type":"ImageObject","inLanguage":"fr-FR","@id":"https:\/\/unsa-paris.fr\/savp\/#\/schema\/logo\/image\/","url":"https:\/\/unsa-paris.fr\/savp\/wp-content\/uploads\/2020\/10\/Logo_UNSA-V6.png","contentUrl":"https:\/\/unsa-paris.fr\/savp\/wp-content\/uploads\/2020\/10\/Logo_UNSA-V6.png","width":986,"height":962,"caption":"UNSA PARIS fili\u00e8re administrative"},"image":{"@id":"https:\/\/unsa-paris.fr\/savp\/#\/schema\/logo\/image\/"}}]}},"_links":{"self":[{"href":"https:\/\/unsa-paris.fr\/savp\/wp-json\/wp\/v2\/pages\/738","targetHints":{"allow":["GET"]}}],"collection":[{"href":"https:\/\/unsa-paris.fr\/savp\/wp-json\/wp\/v2\/pages"}],"about":[{"href":"https:\/\/unsa-paris.fr\/savp\/wp-json\/wp\/v2\/types\/page"}],"author":[{"embeddable":true,"href":"https:\/\/unsa-paris.fr\/savp\/wp-json\/wp\/v2\/users\/1"}],"replies":[{"embeddable":true,"href":"https:\/\/unsa-paris.fr\/savp\/wp-json\/wp\/v2\/comments?post=738"}],"version-history":[{"count":30,"href":"https:\/\/unsa-paris.fr\/savp\/wp-json\/wp\/v2\/pages\/738\/revisions"}],"predecessor-version":[{"id":2578,"href":"https:\/\/unsa-paris.fr\/savp\/wp-json\/wp\/v2\/pages\/738\/revisions\/2578"}],"wp:attachment":[{"href":"https:\/\/unsa-paris.fr\/savp\/wp-json\/wp\/v2\/media?parent=738"}],"curies":[{"name":"wp","href":"https:\/\/api.w.org\/{rel}","templated":true}]}}